{"id":446,"date":"2022-10-21T10:33:06","date_gmt":"2022-10-21T10:33:06","guid":{"rendered":"https:\/\/www.fundacionkambia.org\/carrerasolidaria\/?page_id=446"},"modified":"2023-11-03T12:14:04","modified_gmt":"2023-11-03T12:14:04","slug":"categorias-kambia-sevilla","status":"publish","type":"page","link":"https:\/\/www.fundacionkambia.org\/carrerasolidaria\/categorias-kambia-sevilla\/","title":{"rendered":"Categor\u00edas Kambia por India Sevilla"},"content":{"rendered":"\n<h3 class=\"has-neve-link-hover-color-color has-text-color\">Carreras populares de 5 y 10km y marcha solidaria. <\/h3>\n\n\n\n<p>Absoluta y Promesas. Se dividir\u00e1 en 2 categor\u00edas en funci\u00f3n de la edad:<\/p>\n\n\n\n<ul><li><strong>Categor\u00eda absoluta:<\/strong> nacidos antes de 2006, inclusive, donde se premiar\u00e1 a los 3 primeros tanto en 5km como en 10km para masculino y femenino.<\/li><li><strong>Categor\u00eda promesa:<\/strong> nacidos entre 2011 y 2007, ambos inclusive. Se premiar\u00e1 a los 3 primeros masculino y femenino y s\u00f3lo se clasificar\u00e1n en la distancia de 5km.<\/li><li>Adem\u00e1s est\u00e1 la opci\u00f3n de <strong>marcha solidaria<\/strong> para aquellas personas que deseen participar andando. Esta categor\u00eda no clasifica.<\/li><\/ul>\n\n\n\n<h4>Inscripci\u00f3n categor\u00eda absoluta y promesa: 10\u20ac.<\/h4>\n\n\n\n<h3 class=\"has-neve-link-hover-color-color has-text-color\"><br>Carreras infantiles y primaria.<\/h3>\n\n\n\n<p>Habr\u00e1 varias salidas divididas por categor\u00edas, dependiendo de la participaci\u00f3n dividiremos estas categor\u00edas por edad. En principio correr\u00e1n ni\u00f1os y ni\u00f1as desde primero de infantil hasta sexto de primaria. Ser\u00e1n acompa\u00f1adas y organizadas por el profesorado.<\/p>\n\n\n\n<h4>Inscripci\u00f3n categor\u00eda infantil: 8\u20ac.<\/h4>\n\n\n\n<p><\/p>\n\n\n\n<p>Los tiempos ser\u00e1n medidos mediante chips para las categor\u00edas absoluta y promesa en ambos sexos.<\/p>\n\n\n\n<p>Despu\u00e9s de las carreras, todas las personas participantes podr\u00e1n recuperar fuerzas en los puestos de comida. Adem\u00e1s, los peque\u00f1os de la familia podr\u00e1n disfrutar de talleres infantiles, pintacaras y muchas cosas m\u00e1s.<br>La inscripci\u00f3n dar\u00e1 derecho a la participaci\u00f3n en los fant\u00e1sticos sorteos que realizaremos a lo largo de la jornada donados por nuestros patrocinadores. Adem\u00e1s contaremos con servicio de guarder\u00eda durante las carreras de adultos, mesas de avituallamiento en meta con bebidas, bolsa del corredor y premios para los ganadores y ganadoras de todas las categor\u00edas.<\/p>\n\n\n\n<div class=\"wp-block-cover alignfull\" style=\"min-height:500px\"><span aria-hidden=\"true\" class=\"wp-block-cover__background has-background-dim-30 has-background-dim\"><\/span><img loading=\"lazy\" width=\"2560\" height=\"1709\" class=\"wp-block-cover__image-background wp-image-47\" alt=\"\" src=\"https:\/\/www.fundacionkambia.org\/carrerasolidaria\/wp-content\/uploads\/2022\/09\/sevilla03-scaled.jpg\" style=\"object-position:50% 50%\" data-object-fit=\"cover\" data-object-position=\"50% 50%\" srcset=\"https:\/\/www.fundacionkambia.org\/carrerasolidaria\/wp-content\/uploads\/2022\/09\/sevilla03-scaled.jpg 2560w, https:\/\/www.fundacionkambia.org\/carrerasolidaria\/wp-content\/uploads\/2022\/09\/sevilla03-300x200.jpg 300w, https:\/\/www.fundacionkambia.org\/carrerasolidaria\/wp-content\/uploads\/2022\/09\/sevilla03-1024x684.jpg 1024w, https:\/\/www.fundacionkambia.org\/carrerasolidaria\/wp-content\/uploads\/2022\/09\/sevilla03-768x513.jpg 768w, https:\/\/www.fundacionkambia.org\/carrerasolidaria\/wp-content\/uploads\/2022\/09\/sevilla03-1536x1025.jpg 1536w, https:\/\/www.fundacionkambia.org\/carrerasolidaria\/wp-content\/uploads\/2022\/09\/sevilla03-2048x1367.jpg 2048w, https:\/\/www.fundacionkambia.org\/carrerasolidaria\/wp-content\/uploads\/2022\/09\/sevilla03-930x620.jpg 930w\" sizes=\"(max-width: 2560px) 100vw, 2560px\" \/><div class=\"wp-block-cover__inner-container\">\n<h1 class=\"has-text-align-center has-white-color has-text-color\">El s\u00e1bado 25 de noviembre<\/h1>\n\n\n\n<h1 class=\"has-text-align-center has-nv-site-bg-color has-text-color has-large-font-size\"><strong>#Correykambia<\/strong><\/h1>\n\n\n\n<div style=\"height:40px\" aria-hidden=\"true\" class=\"wp-block-spacer\"><\/div>\n\n\n\n<div class=\"wp-container-2 wp-block-group\"><div class=\"wp-block-group__inner-container\">\n<div class=\"wp-container-1 is-content-justification-center wp-block-buttons\">\n<div class=\"wp-block-button is-style-primary\"><a class=\"wp-block-button__link has-nv-site-bg-color has-text-color\">Inscr\u00edbete<\/a><\/div>\n<\/div>\n<\/div><\/div>\n<\/div><\/div>\n","protected":false},"excerpt":{"rendered":"<p>Carreras populares de 5 y 10km y marcha solidaria. Absoluta y Promesas. Se dividir\u00e1 en 2 categor\u00edas en funci\u00f3n de la edad: Categor\u00eda absoluta: nacidos antes de 2006, inclusive, donde se premiar\u00e1 a los 3 primeros tanto en 5km como en 10km para masculino y femenino. Categor\u00eda promesa: nacidos entre 2011 y 2007, ambos inclusive.&hellip;&nbsp;<a href=\"https:\/\/www.fundacionkambia.org\/carrerasolidaria\/categorias-kambia-sevilla\/\" class=\"\" rel=\"bookmark\">Leer m\u00e1s &raquo;<span class=\"screen-reader-text\">Categor\u00edas Kambia por India Sevilla<\/span><\/a><\/p>\n","protected":false},"author":1,"featured_media":0,"parent":0,"menu_order":0,"comment_status":"closed","ping_status":"closed","template":"","meta":{"neve_meta_sidebar":"","neve_meta_container":"","neve_meta_enable_content_width":"","neve_meta_content_width":0,"neve_meta_title_alignment":"","neve_meta_author_avatar":"","neve_post_elements_order":"","neve_meta_disable_header":"","neve_meta_disable_footer":"","neve_meta_disable_title":"","_ti_tpc_template_sync":false,"_ti_tpc_template_id":""},"_links":{"self":[{"href":"https:\/\/www.fundacionkambia.org\/carrerasolidaria\/wp-json\/wp\/v2\/pages\/446"}],"collection":[{"href":"https:\/\/www.fundacionkambia.org\/carrerasolidaria\/wp-json\/wp\/v2\/pages"}],"about":[{"href":"https:\/\/www.fundacionkambia.org\/carrerasolidaria\/wp-json\/wp\/v2\/types\/page"}],"author":[{"embeddable":true,"href":"https:\/\/www.fundacionkambia.org\/carrerasolidaria\/wp-json\/wp\/v2\/users\/1"}],"replies":[{"embeddable":true,"href":"https:\/\/www.fundacionkambia.org\/carrerasolidaria\/wp-json\/wp\/v2\/comments?post=446"}],"version-history":[{"count":2,"href":"https:\/\/www.fundacionkambia.org\/carrerasolidaria\/wp-json\/wp\/v2\/pages\/446\/revisions"}],"predecessor-version":[{"id":699,"href":"https:\/\/www.fundacionkambia.org\/carrerasolidaria\/wp-json\/wp\/v2\/pages\/446\/revisions\/699"}],"wp:attachment":[{"href":"https:\/\/www.fundacionkambia.org\/carrerasolidaria\/wp-json\/wp\/v2\/media?parent=446"}],"curies":[{"name":"wp","href":"https:\/\/api.w.org\/{rel}","templated":true}]}}