{"id":196,"date":"2025-10-22T10:15:48","date_gmt":"2025-10-22T08:15:48","guid":{"rendered":"https:\/\/www.fundacionkambia.org\/kambiaelmundo\/?page_id=196"},"modified":"2025-10-22T13:52:12","modified_gmt":"2025-10-22T11:52:12","slug":"primtutoriasec","status":"publish","type":"page","link":"https:\/\/www.fundacionkambia.org\/kambiaelmundo\/primtutoriasec\/","title":{"rendered":"Primera Tutor\u00eda Secundaria y Bachillerato"},"content":{"rendered":"\t\t<div data-elementor-type=\"wp-page\" data-elementor-id=\"196\" class=\"elementor elementor-196\">\n\t\t\t\t<div class=\"elementor-element elementor-element-ffb2395 e-flex e-con-boxed e-con e-parent\" data-id=\"ffb2395\" data-element_type=\"container\">\n\t\t\t\t\t<div class=\"e-con-inner\">\n\t\t<div class=\"elementor-element elementor-element-645f6ef e-con-full e-flex e-con e-child\" data-id=\"645f6ef\" data-element_type=\"container\">\n\t\t\t\t<div class=\"elementor-element elementor-element-aa24ee7 elementor-widget elementor-widget-heading\" data-id=\"aa24ee7\" data-element_type=\"widget\" data-widget_type=\"heading.default\">\n\t\t\t\t\t<h2 class=\"elementor-heading-title elementor-size-default\">Introducci\u00f3n<\/h2>\t\t\t\t<\/div>\n\t\t\t\t<div class=\"elementor-element elementor-element-c67a07b elementor-widget elementor-widget-text-editor\" data-id=\"c67a07b\" data-element_type=\"widget\" data-widget_type=\"text-editor.default\">\n\t\t\t\t\t\t\t\t\t<p>Nos situamos en el <strong>contexto de Awei<\/strong>l y reflexionamos sobre la <strong>importancia del derecho a la educaci\u00f3n<\/strong> y qu\u00e9 ocurre en determinados pa\u00edses donde se vulnera ese derecho. A modo de lluvia de ideas, recogemos en la pizarra qu\u00e9 consideran que aporta la educaci\u00f3n a los ni\u00f1os\/as y adolecentes en general.<\/p>\t\t\t\t\t\t\t\t<\/div>\n\t\t\t\t<div class=\"elementor-element elementor-element-61ad62e elementor-widget elementor-widget-spacer\" data-id=\"61ad62e\" data-element_type=\"widget\" data-widget_type=\"spacer.default\">\n\t\t\t\t\t\t\t<div class=\"elementor-spacer\">\n\t\t\t<div class=\"elementor-spacer-inner\"><\/div>\n\t\t<\/div>\n\t\t\t\t\t\t<\/div>\n\t\t\t\t<\/div>\n\t\t\t\t\t<\/div>\n\t\t\t\t<\/div>\n\t\t<div class=\"elementor-element elementor-element-81e7bd9 e-flex e-con-boxed e-con e-parent\" data-id=\"81e7bd9\" data-element_type=\"container\" data-settings=\"{&quot;background_background&quot;:&quot;classic&quot;}\">\n\t\t\t\t\t<div class=\"e-con-inner\">\n\t\t<div class=\"elementor-element elementor-element-270778d e-con-full e-flex e-con e-child\" data-id=\"270778d\" data-element_type=\"container\" data-settings=\"{&quot;background_background&quot;:&quot;classic&quot;}\">\n\t\t<div class=\"elementor-element elementor-element-a028e34 e-con-full e-flex e-con e-child\" data-id=\"a028e34\" data-element_type=\"container\">\n\t\t<div class=\"elementor-element elementor-element-4f5a6bb e-grid e-con-full e-con e-child\" data-id=\"4f5a6bb\" data-element_type=\"container\">\n\t\t\t\t<div class=\"elementor-element elementor-element-50899ef elementor-view-default elementor-position-top elementor-mobile-position-top elementor-widget elementor-widget-icon-box\" data-id=\"50899ef\" data-element_type=\"widget\" data-widget_type=\"icon-box.default\">\n\t\t\t\t\t\t\t<div class=\"elementor-icon-box-wrapper\">\n\n\t\t\t\t\t\t<div class=\"elementor-icon-box-icon\">\n\t\t\t\t<span  class=\"elementor-icon\">\n\t\t\t\t<svg aria-hidden=\"true\" class=\"e-font-icon-svg e-fas-clock\" viewBox=\"0 0 512 512\" xmlns=\"http:\/\/www.w3.org\/2000\/svg\"><path d=\"M256,8C119,8,8,119,8,256S119,504,256,504,504,393,504,256,393,8,256,8Zm92.49,313h0l-20,25a16,16,0,0,1-22.49,2.5h0l-67-49.72a40,40,0,0,1-15-31.23V112a16,16,0,0,1,16-16h32a16,16,0,0,1,16,16V256l58,42.5A16,16,0,0,1,348.49,321Z\"><\/path><\/svg>\t\t\t\t<\/span>\n\t\t\t<\/div>\n\t\t\t\n\t\t\t\t\t\t<div class=\"elementor-icon-box-content\">\n\n\t\t\t\t\t\t\t\t\t<h3 class=\"elementor-icon-box-title\">\n\t\t\t\t\t\t<span  >\n\t\t\t\t\t\t\t45 minutos\t\t\t\t\t\t<\/span>\n\t\t\t\t\t<\/h3>\n\t\t\t\t\n\t\t\t\t\n\t\t\t<\/div>\n\t\t\t\n\t\t<\/div>\n\t\t\t\t\t\t<\/div>\n\t\t\t\t<div class=\"elementor-element elementor-element-c796c85 elementor-view-default elementor-position-top elementor-mobile-position-top elementor-widget elementor-widget-icon-box\" data-id=\"c796c85\" data-element_type=\"widget\" data-widget_type=\"icon-box.default\">\n\t\t\t\t\t\t\t<div class=\"elementor-icon-box-wrapper\">\n\n\t\t\t\t\t\t<div class=\"elementor-icon-box-icon\">\n\t\t\t\t<span  class=\"elementor-icon\">\n\t\t\t\t<svg aria-hidden=\"true\" class=\"e-font-icon-svg e-fas-pencil-ruler\" viewBox=\"0 0 512 512\" xmlns=\"http:\/\/www.w3.org\/2000\/svg\"><path d=\"M109.46 244.04l134.58-134.56-44.12-44.12-61.68 61.68a7.919 7.919 0 0 1-11.21 0l-11.21-11.21c-3.1-3.1-3.1-8.12 0-11.21l61.68-61.68-33.64-33.65C131.47-3.1 111.39-3.1 99 9.29L9.29 99c-12.38 12.39-12.39 32.47 0 44.86l100.17 100.18zm388.47-116.8c18.76-18.76 18.75-49.17 0-67.93l-45.25-45.25c-18.76-18.76-49.18-18.76-67.95 0l-46.02 46.01 113.2 113.2 46.02-46.03zM316.08 82.71l-297 296.96L.32 487.11c-2.53 14.49 10.09 27.11 24.59 24.56l107.45-18.84L429.28 195.9 316.08 82.71zm186.63 285.43l-33.64-33.64-61.68 61.68c-3.1 3.1-8.12 3.1-11.21 0l-11.21-11.21c-3.09-3.1-3.09-8.12 0-11.21l61.68-61.68-44.14-44.14L267.93 402.5l100.21 100.2c12.39 12.39 32.47 12.39 44.86 0l89.71-89.7c12.39-12.39 12.39-32.47 0-44.86z\"><\/path><\/svg>\t\t\t\t<\/span>\n\t\t\t<\/div>\n\t\t\t\n\t\t\t\t\t\t<div class=\"elementor-icon-box-content\">\n\n\t\t\t\t\t\t\t\t\t<h3 class=\"elementor-icon-box-title\">\n\t\t\t\t\t\t<span  >\n\t\t\t\t\t\t\tBol\u00edgrafos y rotuladores\t\t\t\t\t\t<\/span>\n\t\t\t\t\t<\/h3>\n\t\t\t\t\n\t\t\t\t\n\t\t\t<\/div>\n\t\t\t\n\t\t<\/div>\n\t\t\t\t\t\t<\/div>\n\t\t\t\t<div class=\"elementor-element elementor-element-eb45d41 elementor-view-default elementor-position-top elementor-mobile-position-top elementor-widget elementor-widget-icon-box\" data-id=\"eb45d41\" data-element_type=\"widget\" data-widget_type=\"icon-box.default\">\n\t\t\t\t\t\t\t<div class=\"elementor-icon-box-wrapper\">\n\n\t\t\t\t\t\t<div class=\"elementor-icon-box-icon\">\n\t\t\t\t<span  class=\"elementor-icon\">\n\t\t\t\t<svg aria-hidden=\"true\" class=\"e-font-icon-svg e-fas-photo-video\" viewBox=\"0 0 640 512\" xmlns=\"http:\/\/www.w3.org\/2000\/svg\"><path d=\"M608 0H160a32 32 0 0 0-32 32v96h160V64h192v320h128a32 32 0 0 0 32-32V32a32 32 0 0 0-32-32zM232 103a9 9 0 0 1-9 9h-30a9 9 0 0 1-9-9V73a9 9 0 0 1 9-9h30a9 9 0 0 1 9 9zm352 208a9 9 0 0 1-9 9h-30a9 9 0 0 1-9-9v-30a9 9 0 0 1 9-9h30a9 9 0 0 1 9 9zm0-104a9 9 0 0 1-9 9h-30a9 9 0 0 1-9-9v-30a9 9 0 0 1 9-9h30a9 9 0 0 1 9 9zm0-104a9 9 0 0 1-9 9h-30a9 9 0 0 1-9-9V73a9 9 0 0 1 9-9h30a9 9 0 0 1 9 9zm-168 57H32a32 32 0 0 0-32 32v288a32 32 0 0 0 32 32h384a32 32 0 0 0 32-32V192a32 32 0 0 0-32-32zM96 224a32 32 0 1 1-32 32 32 32 0 0 1 32-32zm288 224H64v-32l64-64 32 32 128-128 96 96z\"><\/path><\/svg>\t\t\t\t<\/span>\n\t\t\t<\/div>\n\t\t\t\n\t\t\t\t\t\t<div class=\"elementor-icon-box-content\">\n\n\t\t\t\t\t\t\t\t\t<h3 class=\"elementor-icon-box-title\">\n\t\t\t\t\t\t<span  >\n\t\t\t\t\t\t\tV\u00eddeo, anexo 3\t\t\t\t\t\t<\/span>\n\t\t\t\t\t<\/h3>\n\t\t\t\t\n\t\t\t\t\n\t\t\t<\/div>\n\t\t\t\n\t\t<\/div>\n\t\t\t\t\t\t<\/div>\n\t\t\t\t<\/div>\n\t\t\t\t<\/div>\n\t\t\t\t<\/div>\n\t\t\t\t\t<\/div>\n\t\t\t\t<\/div>\n\t\t<div class=\"elementor-element elementor-element-3967315 e-flex e-con-boxed e-con e-parent\" data-id=\"3967315\" data-element_type=\"container\" data-settings=\"{&quot;background_background&quot;:&quot;classic&quot;}\">\n\t\t\t\t\t<div class=\"e-con-inner\">\n\t\t<div class=\"elementor-element elementor-element-adaadf9 e-con-full e-flex e-con e-child\" data-id=\"adaadf9\" data-element_type=\"container\" data-settings=\"{&quot;background_background&quot;:&quot;classic&quot;}\">\n\t\t<div class=\"elementor-element elementor-element-5447b86 e-grid e-con-full e-con e-child\" data-id=\"5447b86\" data-element_type=\"container\">\n\t\t\t\t<div class=\"elementor-element elementor-element-e1545f7 elementor-position-top elementor-widget elementor-widget-image-box\" data-id=\"e1545f7\" data-element_type=\"widget\" data-widget_type=\"image-box.default\">\n\t\t\t\t\t<div class=\"elementor-image-box-wrapper\"><figure class=\"elementor-image-box-img\"><a href=\"https:\/\/www.fundacionkambia.org\/kambiaelmundo\/wp-content\/uploads\/2025\/10\/1TUT_SEC.pdf\" tabindex=\"-1\"><img fetchpriority=\"high\" decoding=\"async\" width=\"842\" height=\"595\" src=\"https:\/\/www.fundacionkambia.org\/kambiaelmundo\/wp-content\/uploads\/2025\/10\/ACT_1TUTORIA_SEC.jpg\" class=\"attachment-full size-full wp-image-245\" alt=\"\" srcset=\"https:\/\/www.fundacionkambia.org\/kambiaelmundo\/wp-content\/uploads\/2025\/10\/ACT_1TUTORIA_SEC.jpg 842w, https:\/\/www.fundacionkambia.org\/kambiaelmundo\/wp-content\/uploads\/2025\/10\/ACT_1TUTORIA_SEC-300x212.jpg 300w, https:\/\/www.fundacionkambia.org\/kambiaelmundo\/wp-content\/uploads\/2025\/10\/ACT_1TUTORIA_SEC-768x543.jpg 768w\" sizes=\"(max-width: 842px) 100vw, 842px\" \/><\/a><\/figure><div class=\"elementor-image-box-content\"><h3 class=\"elementor-image-box-title\"><a href=\"https:\/\/www.fundacionkambia.org\/kambiaelmundo\/wp-content\/uploads\/2025\/10\/1TUT_SEC.pdf\">ACTIVIDAD<\/a><\/h3><\/div><\/div>\t\t\t\t<\/div>\n\t\t\t\t<div class=\"elementor-element elementor-element-210e3d5 elementor-position-top elementor-widget elementor-widget-image-box\" data-id=\"210e3d5\" data-element_type=\"widget\" data-widget_type=\"image-box.default\">\n\t\t\t\t\t<div class=\"elementor-image-box-wrapper\"><figure class=\"elementor-image-box-img\"><a href=\"https:\/\/www.fundacionkambia.org\/kambiaelmundo\/wp-content\/uploads\/2025\/10\/1TUT__ANEXO3.pdf\" tabindex=\"-1\"><img decoding=\"async\" width=\"842\" height=\"595\" src=\"https:\/\/www.fundacionkambia.org\/kambiaelmundo\/wp-content\/uploads\/2025\/10\/ANEXOS.jpg\" class=\"attachment-full size-full wp-image-176\" alt=\"\" srcset=\"https:\/\/www.fundacionkambia.org\/kambiaelmundo\/wp-content\/uploads\/2025\/10\/ANEXOS.jpg 842w, https:\/\/www.fundacionkambia.org\/kambiaelmundo\/wp-content\/uploads\/2025\/10\/ANEXOS-300x212.jpg 300w, https:\/\/www.fundacionkambia.org\/kambiaelmundo\/wp-content\/uploads\/2025\/10\/ANEXOS-768x543.jpg 768w\" sizes=\"(max-width: 842px) 100vw, 842px\" \/><\/a><\/figure><div class=\"elementor-image-box-content\"><h3 class=\"elementor-image-box-title\"><a href=\"https:\/\/www.fundacionkambia.org\/kambiaelmundo\/wp-content\/uploads\/2025\/10\/1TUT__ANEXO3.pdf\">ANEXOS<\/a><\/h3><\/div><\/div>\t\t\t\t<\/div>\n\t\t\t\t<div class=\"elementor-element elementor-element-049918a elementor-widget elementor-widget-video\" data-id=\"049918a\" data-element_type=\"widget\" data-settings=\"{&quot;youtube_url&quot;:&quot;https:\\\/\\\/www.youtube.com\\\/watch?v=ZAJ4LU1uAPg&quot;,&quot;video_type&quot;:&quot;youtube&quot;,&quot;controls&quot;:&quot;yes&quot;}\" data-widget_type=\"video.default\">\n\t\t\t\t\t\t\t<div class=\"elementor-wrapper elementor-open-inline\">\n\t\t\t<div class=\"elementor-video\"><\/div>\t\t<\/div>\n\t\t\t\t\t\t<\/div>\n\t\t\t\t<\/div>\n\t\t\t\t<\/div>\n\t\t\t\t\t<\/div>\n\t\t\t\t<\/div>\n\t\t\t\t<\/div>\n\t\t","protected":false},"excerpt":{"rendered":"<p>Introducci\u00f3n Nos situamos en el contexto de Aweil y reflexionamos sobre la importancia del derecho a la educaci\u00f3n y qu\u00e9 ocurre en determinados pa\u00edses donde se vulnera ese derecho. A &#8230;<\/p>\n","protected":false},"author":1,"featured_media":0,"parent":0,"menu_order":0,"comment_status":"closed","ping_status":"closed","template":"","meta":{"footnotes":""},"class_list":["post-196","page","type-page","status-publish","hentry"],"_links":{"self":[{"href":"https:\/\/www.fundacionkambia.org\/kambiaelmundo\/wp-json\/wp\/v2\/pages\/196","targetHints":{"allow":["GET"]}}],"collection":[{"href":"https:\/\/www.fundacionkambia.org\/kambiaelmundo\/wp-json\/wp\/v2\/pages"}],"about":[{"href":"https:\/\/www.fundacionkambia.org\/kambiaelmundo\/wp-json\/wp\/v2\/types\/page"}],"author":[{"embeddable":true,"href":"https:\/\/www.fundacionkambia.org\/kambiaelmundo\/wp-json\/wp\/v2\/users\/1"}],"replies":[{"embeddable":true,"href":"https:\/\/www.fundacionkambia.org\/kambiaelmundo\/wp-json\/wp\/v2\/comments?post=196"}],"version-history":[{"count":13,"href":"https:\/\/www.fundacionkambia.org\/kambiaelmundo\/wp-json\/wp\/v2\/pages\/196\/revisions"}],"predecessor-version":[{"id":265,"href":"https:\/\/www.fundacionkambia.org\/kambiaelmundo\/wp-json\/wp\/v2\/pages\/196\/revisions\/265"}],"wp:attachment":[{"href":"https:\/\/www.fundacionkambia.org\/kambiaelmundo\/wp-json\/wp\/v2\/media?parent=196"}],"curies":[{"name":"wp","href":"https:\/\/api.w.org\/{rel}","templated":true}]}}