{"id":29,"date":"2025-07-31T12:55:12","date_gmt":"2025-07-31T10:55:12","guid":{"rendered":"https:\/\/www.fundacionkambia.org\/kambiaelmundo\/?page_id=29"},"modified":"2025-10-22T14:28:47","modified_gmt":"2025-10-22T12:28:47","slug":"2-tutoria","status":"publish","type":"page","link":"https:\/\/www.fundacionkambia.org\/kambiaelmundo\/2-tutoria\/","title":{"rendered":"2\u00aa Tutor\u00eda"},"content":{"rendered":"\t\t<div data-elementor-type=\"wp-page\" data-elementor-id=\"29\" class=\"elementor elementor-29\">\n\t\t\t\t<div class=\"elementor-element elementor-element-09a52b4 e-flex e-con-boxed e-con e-parent\" data-id=\"09a52b4\" data-element_type=\"container\">\n\t\t\t\t\t<div class=\"e-con-inner\">\n\t\t<div class=\"elementor-element elementor-element-1694714 e-con-full e-flex e-con e-child\" data-id=\"1694714\" data-element_type=\"container\">\n\t\t\t\t<div class=\"elementor-element elementor-element-ae34628 elementor-widget__width-initial elementor-widget elementor-widget-text-editor\" data-id=\"ae34628\" data-element_type=\"widget\" data-widget_type=\"text-editor.default\">\n\t\t\t\t\t\t\t\t\t<p>Comenzamos recordando lo que han aprendido sobre el cole de Rumbek a trav\u00e9s de la primera tutor\u00eda y de la visita de Sister Orla, pregunt\u00e1ndoles: \u00bfQu\u00e9 cosas importantes tiene que tener un cole? \u00bfQu\u00e9 les gustar\u00eda que tuviera el colegio en Aweil que estamos ayudando a construir?<br \/>El objetivo es que los ni\u00f1os y ni\u00f1as compartan sus ideas sobre c\u00f3mo ser\u00eda un colegio ideal, incorporando lo aprendido sobre la realidad de otros ni\u00f1os y ni\u00f1as y valores como la justicia, la inclusi\u00f3n, el cuidado del entorno y la solidaridad.<\/p>\t\t\t\t\t\t\t\t<\/div>\n\t\t\t\t<div class=\"elementor-element elementor-element-31beb0e elementor-widget elementor-widget-spacer\" data-id=\"31beb0e\" data-element_type=\"widget\" data-widget_type=\"spacer.default\">\n\t\t\t\t\t\t\t<div class=\"elementor-spacer\">\n\t\t\t<div class=\"elementor-spacer-inner\"><\/div>\n\t\t<\/div>\n\t\t\t\t\t\t<\/div>\n\t\t\t\t<\/div>\n\t\t\t\t\t<\/div>\n\t\t\t\t<\/div>\n\t\t<div class=\"elementor-element elementor-element-c16cac1 e-flex e-con-boxed e-con e-parent\" data-id=\"c16cac1\" data-element_type=\"container\">\n\t\t\t\t\t<div class=\"e-con-inner\">\n\t\t<div class=\"elementor-element elementor-element-480a319 e-con-full e-flex e-con e-child\" data-id=\"480a319\" data-element_type=\"container\">\n\t\t\t\t<div class=\"elementor-element elementor-element-48c290f elementor-widget elementor-widget-spacer\" data-id=\"48c290f\" data-element_type=\"widget\" data-widget_type=\"spacer.default\">\n\t\t\t\t\t\t\t<div class=\"elementor-spacer\">\n\t\t\t<div class=\"elementor-spacer-inner\"><\/div>\n\t\t<\/div>\n\t\t\t\t\t\t<\/div>\n\t\t\t\t<div class=\"elementor-element elementor-element-c343005 elementor-widget elementor-widget-heading\" data-id=\"c343005\" data-element_type=\"widget\" data-widget_type=\"heading.default\">\n\t\t\t\t\t<h3 class=\"elementor-heading-title elementor-size-default\">- SEGUNDA TUTOR\u00cdA -<\/h3>\t\t\t\t<\/div>\n\t\t\t\t<\/div>\n\t\t\t\t\t<\/div>\n\t\t\t\t<\/div>\n\t\t<div class=\"elementor-element elementor-element-f841e98 e-flex e-con-boxed e-con e-parent\" data-id=\"f841e98\" data-element_type=\"container\">\n\t\t\t\t\t<div class=\"e-con-inner\">\n\t\t<div class=\"elementor-element elementor-element-e243990 e-con-full e-flex e-con e-child\" data-id=\"e243990\" data-element_type=\"container\">\n\t\t<div class=\"elementor-element elementor-element-6bf33fa e-con-full e-flex e-con e-child\" data-id=\"6bf33fa\" data-element_type=\"container\">\n\t\t\t\t<div class=\"elementor-element elementor-element-031f57c elementor-widget elementor-widget-image\" data-id=\"031f57c\" data-element_type=\"widget\" data-widget_type=\"image.default\">\n\t\t\t\t\t\t\t\t\t\t\t\t\t\t\t\t<a href=\"https:\/\/www.fundacionkambia.org\/kambiaelmundo\/segtutoriainfantil\">\n\t\t\t\t\t\t\t<img fetchpriority=\"high\" decoding=\"async\" width=\"555\" height=\"503\" src=\"https:\/\/www.fundacionkambia.org\/kambiaelmundo\/wp-content\/uploads\/2025\/10\/2TUTORIA_INF.jpg\" class=\"attachment-large size-large wp-image-278\" alt=\"\" srcset=\"https:\/\/www.fundacionkambia.org\/kambiaelmundo\/wp-content\/uploads\/2025\/10\/2TUTORIA_INF.jpg 555w, https:\/\/www.fundacionkambia.org\/kambiaelmundo\/wp-content\/uploads\/2025\/10\/2TUTORIA_INF-300x272.jpg 300w\" sizes=\"(max-width: 555px) 100vw, 555px\" \/>\t\t\t\t\t\t\t\t<\/a>\n\t\t\t\t\t\t\t\t\t\t\t\t\t\t\t<\/div>\n\t\t\t\t<\/div>\n\t\t<div class=\"elementor-element elementor-element-c01aab3 e-con-full e-flex e-con e-child\" data-id=\"c01aab3\" data-element_type=\"container\">\n\t\t\t\t<div class=\"elementor-element elementor-element-5c3813a elementor-widget elementor-widget-image\" data-id=\"5c3813a\" data-element_type=\"widget\" data-widget_type=\"image.default\">\n\t\t\t\t\t\t\t\t\t\t\t\t\t\t\t\t<a href=\"https:\/\/www.fundacionkambia.org\/kambiaelmundo\/segtutoriaprimaria\">\n\t\t\t\t\t\t\t<img decoding=\"async\" width=\"555\" height=\"503\" src=\"https:\/\/www.fundacionkambia.org\/kambiaelmundo\/wp-content\/uploads\/2025\/10\/2TUTORIA_PRIM.jpg\" class=\"attachment-large size-large wp-image-279\" alt=\"\" srcset=\"https:\/\/www.fundacionkambia.org\/kambiaelmundo\/wp-content\/uploads\/2025\/10\/2TUTORIA_PRIM.jpg 555w, https:\/\/www.fundacionkambia.org\/kambiaelmundo\/wp-content\/uploads\/2025\/10\/2TUTORIA_PRIM-300x272.jpg 300w\" sizes=\"(max-width: 555px) 100vw, 555px\" \/>\t\t\t\t\t\t\t\t<\/a>\n\t\t\t\t\t\t\t\t\t\t\t\t\t\t\t<\/div>\n\t\t\t\t<\/div>\n\t\t<div class=\"elementor-element elementor-element-0bb370d e-con-full e-flex e-con e-child\" data-id=\"0bb370d\" data-element_type=\"container\">\n\t\t\t\t<div class=\"elementor-element elementor-element-878692f elementor-widget elementor-widget-image\" data-id=\"878692f\" data-element_type=\"widget\" data-widget_type=\"image.default\">\n\t\t\t\t\t\t\t\t\t\t\t\t\t\t\t\t<a href=\"https:\/\/www.fundacionkambia.org\/kambiaelmundo\/segtutoriasec\">\n\t\t\t\t\t\t\t<img decoding=\"async\" width=\"555\" height=\"503\" src=\"https:\/\/www.fundacionkambia.org\/kambiaelmundo\/wp-content\/uploads\/2025\/10\/2TUTORIA_SEC.jpg\" class=\"attachment-large size-large wp-image-277\" alt=\"\" srcset=\"https:\/\/www.fundacionkambia.org\/kambiaelmundo\/wp-content\/uploads\/2025\/10\/2TUTORIA_SEC.jpg 555w, https:\/\/www.fundacionkambia.org\/kambiaelmundo\/wp-content\/uploads\/2025\/10\/2TUTORIA_SEC-300x272.jpg 300w\" sizes=\"(max-width: 555px) 100vw, 555px\" \/>\t\t\t\t\t\t\t\t<\/a>\n\t\t\t\t\t\t\t\t\t\t\t\t\t\t\t<\/div>\n\t\t\t\t<\/div>\n\t\t\t\t<\/div>\n\t\t\t\t\t<\/div>\n\t\t\t\t<\/div>\n\t\t\t\t<\/div>\n\t\t","protected":false},"excerpt":{"rendered":"<p>Comenzamos recordando lo que han aprendido sobre el cole de Rumbek a trav\u00e9s de la primera tutor\u00eda y de la visita de Sister Orla, pregunt\u00e1ndoles: \u00bfQu\u00e9 cosas importantes tiene que &#8230;<\/p>\n","protected":false},"author":1,"featured_media":0,"parent":0,"menu_order":0,"comment_status":"closed","ping_status":"closed","template":"","meta":{"footnotes":""},"class_list":["post-29","page","type-page","status-publish","hentry"],"_links":{"self":[{"href":"https:\/\/www.fundacionkambia.org\/kambiaelmundo\/wp-json\/wp\/v2\/pages\/29","targetHints":{"allow":["GET"]}}],"collection":[{"href":"https:\/\/www.fundacionkambia.org\/kambiaelmundo\/wp-json\/wp\/v2\/pages"}],"about":[{"href":"https:\/\/www.fundacionkambia.org\/kambiaelmundo\/wp-json\/wp\/v2\/types\/page"}],"author":[{"embeddable":true,"href":"https:\/\/www.fundacionkambia.org\/kambiaelmundo\/wp-json\/wp\/v2\/users\/1"}],"replies":[{"embeddable":true,"href":"https:\/\/www.fundacionkambia.org\/kambiaelmundo\/wp-json\/wp\/v2\/comments?post=29"}],"version-history":[{"count":10,"href":"https:\/\/www.fundacionkambia.org\/kambiaelmundo\/wp-json\/wp\/v2\/pages\/29\/revisions"}],"predecessor-version":[{"id":289,"href":"https:\/\/www.fundacionkambia.org\/kambiaelmundo\/wp-json\/wp\/v2\/pages\/29\/revisions\/289"}],"wp:attachment":[{"href":"https:\/\/www.fundacionkambia.org\/kambiaelmundo\/wp-json\/wp\/v2\/media?parent=29"}],"curies":[{"name":"wp","href":"https:\/\/api.w.org\/{rel}","templated":true}]}}