{"id":31,"date":"2025-07-31T12:55:47","date_gmt":"2025-07-31T10:55:47","guid":{"rendered":"https:\/\/www.fundacionkambia.org\/kambiaelmundo\/?page_id=31"},"modified":"2025-10-22T12:22:56","modified_gmt":"2025-10-22T10:22:56","slug":"recursos","status":"publish","type":"page","link":"https:\/\/www.fundacionkambia.org\/kambiaelmundo\/recursos\/","title":{"rendered":"Recursos"},"content":{"rendered":"\t\t<div data-elementor-type=\"wp-page\" data-elementor-id=\"31\" class=\"elementor elementor-31\">\n\t\t\t\t<div class=\"elementor-element elementor-element-d596c66 e-flex e-con-boxed e-con e-parent\" data-id=\"d596c66\" data-element_type=\"container\">\n\t\t\t\t\t<div class=\"e-con-inner\">\n\t\t\t\t<div class=\"elementor-element elementor-element-630ea83 elementor-widget elementor-widget-text-editor\" data-id=\"630ea83\" data-element_type=\"widget\" data-widget_type=\"text-editor.default\">\n\t\t\t\t\t\t\t\t\t<p>Aqu\u00ed encontrar\u00e1s todos los recursos necesarios para usar en el <strong>Programa de Educaci\u00f3n para la Ciudadan\u00eda Global 2025\/26<\/strong>.\u00a0<\/p>\t\t\t\t\t\t\t\t<\/div>\n\t\t\t\t<div class=\"elementor-element elementor-element-e671f7c elementor-widget elementor-widget-spacer\" data-id=\"e671f7c\" data-element_type=\"widget\" data-widget_type=\"spacer.default\">\n\t\t\t\t\t\t\t<div class=\"elementor-spacer\">\n\t\t\t<div class=\"elementor-spacer-inner\"><\/div>\n\t\t<\/div>\n\t\t\t\t\t\t<\/div>\n\t\t\t\t\t<\/div>\n\t\t\t\t<\/div>\n\t\t<div class=\"elementor-element elementor-element-8264cb6 e-flex e-con-boxed e-con e-parent\" data-id=\"8264cb6\" data-element_type=\"container\" data-settings=\"{&quot;background_background&quot;:&quot;classic&quot;}\">\n\t\t\t\t\t<div class=\"e-con-inner\">\n\t\t<div class=\"elementor-element elementor-element-8dbe718 e-con-full e-flex e-con e-child\" data-id=\"8dbe718\" data-element_type=\"container\">\n\t\t\t\t<div class=\"elementor-element elementor-element-e19d70b elementor-widget elementor-widget-heading\" data-id=\"e19d70b\" data-element_type=\"widget\" data-widget_type=\"heading.default\">\n\t\t\t\t\t<h3 class=\"elementor-heading-title elementor-size-default\"><a href=\"https:\/\/www.fundacionkambia.org\/kambiaelmundo\/wp-content\/uploads\/2025\/10\/cartel_ecg-scaled.jpg\">CARTEL PROGRAMA ECG<\/a><\/h3>\t\t\t\t<\/div>\n\t\t\t\t<div class=\"elementor-element elementor-element-dc87f55 elementor-widget elementor-widget-image\" data-id=\"dc87f55\" data-element_type=\"widget\" data-widget_type=\"image.default\">\n\t\t\t\t\t\t\t\t\t\t\t\t\t\t\t\t<a href=\"https:\/\/www.fundacionkambia.org\/kambiaelmundo\/wp-content\/uploads\/2025\/10\/cartel_ecg-scaled.jpg\">\n\t\t\t\t\t\t\t<img fetchpriority=\"high\" decoding=\"async\" width=\"731\" height=\"1024\" src=\"https:\/\/www.fundacionkambia.org\/kambiaelmundo\/wp-content\/uploads\/2025\/10\/cartel_ecg-731x1024.jpg\" class=\"attachment-large size-large wp-image-99\" alt=\"\" srcset=\"https:\/\/www.fundacionkambia.org\/kambiaelmundo\/wp-content\/uploads\/2025\/10\/cartel_ecg-731x1024.jpg 731w, https:\/\/www.fundacionkambia.org\/kambiaelmundo\/wp-content\/uploads\/2025\/10\/cartel_ecg-214x300.jpg 214w, https:\/\/www.fundacionkambia.org\/kambiaelmundo\/wp-content\/uploads\/2025\/10\/cartel_ecg-768x1075.jpg 768w, https:\/\/www.fundacionkambia.org\/kambiaelmundo\/wp-content\/uploads\/2025\/10\/cartel_ecg-1097x1536.jpg 1097w, https:\/\/www.fundacionkambia.org\/kambiaelmundo\/wp-content\/uploads\/2025\/10\/cartel_ecg-1463x2048.jpg 1463w, https:\/\/www.fundacionkambia.org\/kambiaelmundo\/wp-content\/uploads\/2025\/10\/cartel_ecg-scaled.jpg 1829w\" sizes=\"(max-width: 731px) 100vw, 731px\" \/>\t\t\t\t\t\t\t\t<\/a>\n\t\t\t\t\t\t\t\t\t\t\t\t\t\t\t<\/div>\n\t\t\t\t<\/div>\n\t\t<div class=\"elementor-element elementor-element-5eb35f0 e-con-full e-flex e-con e-child\" data-id=\"5eb35f0\" data-element_type=\"container\" data-settings=\"{&quot;background_background&quot;:&quot;classic&quot;}\">\n\t\t\t\t<div class=\"elementor-element elementor-element-b89544f elementor-widget elementor-widget-heading\" data-id=\"b89544f\" data-element_type=\"widget\" data-widget_type=\"heading.default\">\n\t\t\t\t\t<h3 class=\"elementor-heading-title elementor-size-default\"><a href=\"https:\/\/www.fundacionkambia.org\/kambiaelmundo\/wp-content\/uploads\/2025\/10\/dosier_ECG_2526.pdf\">DOSIER PROGRAMA ECG<\/a><\/h3>\t\t\t\t<\/div>\n\t\t\t\t<div class=\"elementor-element elementor-element-453b4fc elementor-widget elementor-widget-image\" data-id=\"453b4fc\" data-element_type=\"widget\" data-widget_type=\"image.default\">\n\t\t\t\t\t\t\t\t\t\t\t\t\t\t\t\t<a href=\"https:\/\/www.fundacionkambia.org\/kambiaelmundo\/wp-content\/uploads\/2025\/10\/dosier_ECG_2526.pdf\">\n\t\t\t\t\t\t\t<img decoding=\"async\" width=\"800\" height=\"565\" src=\"https:\/\/www.fundacionkambia.org\/kambiaelmundo\/wp-content\/uploads\/2025\/10\/portada_dosier.jpg\" class=\"attachment-large size-large wp-image-205\" alt=\"\" srcset=\"https:\/\/www.fundacionkambia.org\/kambiaelmundo\/wp-content\/uploads\/2025\/10\/portada_dosier.jpg 842w, https:\/\/www.fundacionkambia.org\/kambiaelmundo\/wp-content\/uploads\/2025\/10\/portada_dosier-300x212.jpg 300w, https:\/\/www.fundacionkambia.org\/kambiaelmundo\/wp-content\/uploads\/2025\/10\/portada_dosier-768x543.jpg 768w\" sizes=\"(max-width: 800px) 100vw, 800px\" \/>\t\t\t\t\t\t\t\t<\/a>\n\t\t\t\t\t\t\t\t\t\t\t\t\t\t\t<\/div>\n\t\t\t\t<\/div>\n\t\t<div class=\"elementor-element elementor-element-93d7b64 e-con-full e-flex e-con e-child\" data-id=\"93d7b64\" data-element_type=\"container\" data-settings=\"{&quot;background_background&quot;:&quot;classic&quot;}\">\n\t\t\t\t<div class=\"elementor-element elementor-element-d1a0a52 elementor-widget elementor-widget-heading\" data-id=\"d1a0a52\" data-element_type=\"widget\" data-widget_type=\"heading.default\">\n\t\t\t\t\t<h3 class=\"elementor-heading-title elementor-size-default\"><a href=\"#\">MARCADOR CAMPA\u00d1A<\/a><\/h3>\t\t\t\t<\/div>\n\t\t\t\t<\/div>\n\t\t\t\t\t<\/div>\n\t\t\t\t<\/div>\n\t\t<div class=\"elementor-element elementor-element-ee08a79 e-flex e-con-boxed e-con e-parent\" data-id=\"ee08a79\" data-element_type=\"container\" data-settings=\"{&quot;background_background&quot;:&quot;classic&quot;}\">\n\t\t\t\t\t<div class=\"e-con-inner\">\n\t\t\t\t<div class=\"elementor-element elementor-element-4bfaed5 elementor-widget elementor-widget-heading\" data-id=\"4bfaed5\" data-element_type=\"widget\" data-widget_type=\"heading.default\">\n\t\t\t\t\t<h3 class=\"elementor-heading-title elementor-size-default\">\u00bfNecesitas alg\u00fan recurso m\u00e1s?<\/h3>\t\t\t\t<\/div>\n\t\t\t\t<div class=\"elementor-element elementor-element-d3a2d9d elementor-widget elementor-widget-text-editor\" data-id=\"d3a2d9d\" data-element_type=\"widget\" data-widget_type=\"text-editor.default\">\n\t\t\t\t\t\t\t\t\t<p>Escr\u00edbenos un email a <a href=\"mailto:comunicacion@fundacionkambia.org\"><span style=\"text-decoration: underline;\">comunicacion@fundacionkambia.org<\/span><\/a> y te lo mandamos.<\/p>\t\t\t\t\t\t\t\t<\/div>\n\t\t\t\t\t<\/div>\n\t\t\t\t<\/div>\n\t\t\t\t<\/div>\n\t\t","protected":false},"excerpt":{"rendered":"<p>Aqu\u00ed encontrar\u00e1s todos los recursos necesarios para usar en el Programa de Educaci\u00f3n para la Ciudadan\u00eda Global 2025\/26.\u00a0 CARTEL PROGRAMA ECG DOSIER PROGRAMA ECG MARCADOR CAMPA\u00d1A \u00bfNecesitas alg\u00fan recurso m\u00e1s? &#8230;<\/p>\n","protected":false},"author":1,"featured_media":0,"parent":0,"menu_order":0,"comment_status":"closed","ping_status":"closed","template":"","meta":{"footnotes":""},"class_list":["post-31","page","type-page","status-publish","hentry"],"_links":{"self":[{"href":"https:\/\/www.fundacionkambia.org\/kambiaelmundo\/wp-json\/wp\/v2\/pages\/31","targetHints":{"allow":["GET"]}}],"collection":[{"href":"https:\/\/www.fundacionkambia.org\/kambiaelmundo\/wp-json\/wp\/v2\/pages"}],"about":[{"href":"https:\/\/www.fundacionkambia.org\/kambiaelmundo\/wp-json\/wp\/v2\/types\/page"}],"author":[{"embeddable":true,"href":"https:\/\/www.fundacionkambia.org\/kambiaelmundo\/wp-json\/wp\/v2\/users\/1"}],"replies":[{"embeddable":true,"href":"https:\/\/www.fundacionkambia.org\/kambiaelmundo\/wp-json\/wp\/v2\/comments?post=31"}],"version-history":[{"count":46,"href":"https:\/\/www.fundacionkambia.org\/kambiaelmundo\/wp-json\/wp\/v2\/pages\/31\/revisions"}],"predecessor-version":[{"id":220,"href":"https:\/\/www.fundacionkambia.org\/kambiaelmundo\/wp-json\/wp\/v2\/pages\/31\/revisions\/220"}],"wp:attachment":[{"href":"https:\/\/www.fundacionkambia.org\/kambiaelmundo\/wp-json\/wp\/v2\/media?parent=31"}],"curies":[{"name":"wp","href":"https:\/\/api.w.org\/{rel}","templated":true}]}}